{"id":26,"date":"2019-05-13T14:37:53","date_gmt":"2019-05-13T14:37:53","guid":{"rendered":"http:\/\/www.sic.ase.ro\/?page_id=26"},"modified":"2025-09-30T18:30:10","modified_gmt":"2025-09-30T16:30:10","slug":"call-for-papers","status":"publish","type":"page","link":"https:\/\/sic.ase.ro\/index.php\/general-information\/call-for-papers\/","title":{"rendered":"Call for Papers"},"content":{"rendered":"\n<p class=\"has-text-align-center has-text-color has-large-font-size\" style=\"color:#d2171d\"><strong> <\/strong> <strong>Synergies in Communication<\/strong> <strong>(SiC)<\/strong> <\/p>\n\n\n\n<p class=\"has-text-align-center has-text-color\" style=\"color:#003ca3;font-size:clamp(18.959px, 1.185rem + ((1vw - 3.2px) * 1.15), 30px);px\"><strong>The 13th<\/strong> <strong>International Conference <\/strong><\/p>\n\n\n\n<p class=\"has-text-align-center has-very-dark-gray-color has-text-color\" style=\"font-size:clamp(14.642px, 0.915rem + ((1vw - 3.2px) * 0.766), 22px);px\"><strong>Bucharest, Romania <\/strong><\/p>\n\n\n\n<p class=\"has-text-align-center has-very-dark-gray-color has-text-color has-medium-font-size\"><strong>30-31 October 2025<\/strong><\/p>\n\n\n\n<p class=\"has-text-align-center has-vivid-red-color has-text-color\"><strong>hybrid academic event<\/strong><\/p>\n\n\n\n<p class=\"has-text-align-left has-very-dark-gray-color has-text-color\"><br><strong>The Department of Modern Languages and Business <\/strong><strong>Communication<\/strong> of the <strong>Bucharest University of Economic Studies (ASE)<\/strong>,Romania,is organizing the 13<sup>th<\/sup>annual international conference <strong><em>Synergies in Communication (SiC 2025)<\/em><\/strong>, to be held<strong> in a hybrid format on 30-31 October 2025<\/strong>. The event will be organized under the auspices of the Faculty of International Business and Economics, in collaboration with the Erasmus+ \u201cDigital language and communication training for EU scientists\u201d (the <a href=\"https:\/\/dilan4scientists.eu\/\"><strong>DILAN project<\/strong><\/a>).<\/p>\n\n\n\n<p class=\"has-text-align-left has-very-dark-gray-color has-text-color\">The conference serves as a forum for encouraging thematic synergies, interdisciplinary, multilingual and multicultural dialogue, and builds on partnership with Universit\u00e9 d&#8217;Artois, University of Zaragoza, Aix-Marseille Universit\u00e9, Siksha \u2018O\u2019 Anusandhan University (SOA), Hiroshima University, Academy of Economic Studies of Moldova, Department of Modern Languages, Institute of Romanian Philology \u201cBogdan Petriceicu-Hasdeu\u201d, Moldova State University, \u201cOvidius\u201d University of Constanta and QUEST Romania, PROSPER-ASE Language Centre, The Romanian Society for English and American Studies (RSEAS), a member of The European Society for the Study of English (ESSE), Romanian Association for American Studies (RAAS). <em><\/em> <br><br>The conference is organized around <strong>7<\/strong> <strong>thematic areas: <\/strong><\/p>\n\n\n\n<h5 class=\"wp-block-heading has-text-align-left\"><br>SECTION 1: SYNERGIES IN LINGUISTICS, BUSINESS AND (INTER)CULTURAL COMMUNICATION.<br>(ONLINE)<\/h5>\n\n\n\n<p class=\"has-text-align-left\"><\/p>\n\n\n\n<p><\/p>\n\n\n\n<p class=\"has-very-dark-gray-color has-text-color\">Communication is a synergistic field where effectiveness is given by knowledge from diverse domains and by the ability to align best practice with the increasingly rapid pace of the world today. Moreover, today, universities face the challenge of meeting their dual role as institutions of culture and higher education as well as providers of knowledgeable, flexible, autonomous and self-determined graduates for the labour market. This section of our conference welcomes discussions on topics related to the following main areas:<\/p>\n\n\n\n<ul class=\"wp-block-list\">\n<li>Current developments in academic and research\ncommunication<\/li>\n\n\n\n<li>Linguistics, sociolinguistics and (inter)cultural\ncommunication<\/li>\n\n\n\n<li>The language of modern media<\/li>\n\n\n\n<li>Language and literature in the cultural and linguistic\nspace<\/li>\n\n\n\n<li>Literary and cultural studies; analyses of\nculturally determined values, mentalities, actions, attitudes etc.;<\/li>\n\n\n\n<li>Theory and practice in (inter)cultural education;<\/li>\n\n\n\n<li>Business communication &#8211; intercultural dimensions\nand specific skills demanded on the labour market.<\/li>\n\n\n\n<li>The inter-disciplinary dimension of business\ncommunication \u2013 changing mentalities through environmental education.<\/li>\n\n\n\n<li>Translation studies; <\/li>\n\n\n\n<li>Traductology and terminology in\nbusiness and economics;<\/li>\n<\/ul>\n\n\n\n<p class=\"has-text-align-center has-very-light-gray-background-color has-text-color has-background\" style=\"color:#003ca3\"><strong>Email: <a href=\"mailto:sic.section1@gmail.com\">sic.section1@gmail.com<\/a><\/strong><\/p>\n\n\n\n<p><\/p>\n\n\n\n<h5 class=\"wp-block-heading has-text-align-left\"><br>SECTION 2: INTERDEPENDENCES: ACADEMIC AND DIGITAL LITERACIES IN NEW COMMUNICATION CONTEXTS. THE QUALITY DIMENSION. (HYBRID)<\/h5>\n\n\n\n<p class=\"has-text-align-left\"><\/p>\n\n\n\n<p><\/p>\n\n\n\n<p class=\"has-very-dark-gray-color has-text-color\">This section provides an interdisciplinary forum for specialists in various fields to share expertise and to reflect together on the latest developments in science communication, as well as on ways forward in academic and professional contexts, considering both challenges and opportunities. This section is organised in cooperation with \u201cthe <a href=\"https:\/\/dilan4scientists.eu\/\"><strong>DILAN project<\/strong><\/a>\u201d, and builds on our long-standing partnership with the University of Zaragoza, the Doctoral School of Humanities of <a>\u201cOvidius\u201d University of Constanta<\/a>, and the Romanian Association for Quality Language Services QUEST, an Associate Member of Eaquals. Possible topics include (but are not restricted to):<\/p>\n\n\n\n<p class=\"has-very-dark-gray-color has-text-color\"><\/p>\n\n\n\n<ul class=\"wp-block-list\">\n<li>New perspectives on science communication and training resources for more effective research dissemination, showcasing project outcomes, with a special focus on \u201cthe <a href=\"https:\/\/dilan4scientists.eu\/\"><strong>DILAN project<\/strong><\/a>\u201d;<\/li>\n\n\n\n<li>Academic literacy development \u2013 case studies from different international contexts;<\/li>\n\n\n\n<li>Evolving trends in LSP and their relevance for Teacher Development, Teaching\/Training and Learning;<\/li>\n\n\n\n<li>Quality related aspects in the new educational and research environment &#8211; drawing inspiration from international academic contexts and from the international Association <a href=\"http:\/\/www.eaquals.org\/\">Eaquals<\/a> &#8211; Evaluation and Accreditation of Quality in Language Services.<\/li>\n\n\n\n<li><\/li>\n<\/ul>\n\n\n\n<p class=\"has-text-align-center has-very-light-gray-background-color has-text-color has-background\" style=\"color:#003ca3\">&nbsp;&nbsp;&nbsp;&nbsp;&nbsp;&nbsp; <strong>E<\/strong><strong>mail: <a href=\"mailto:sic.section2@gmail.com\">sic.section2@gmail.com<\/a><\/strong><\/p>\n\n\n\n<h5 class=\"wp-block-heading has-text-align-left\">SECTION 3: ROMANIAN CULTURAL AND LINGUISTIC STUDIES<br>(ONLINE)<\/h5>\n\n\n\n<p class=\"has-text-align-left\"><br><\/p>\n\n\n\n<p class=\"has-very-dark-gray-color has-text-color\">Romanian academia play an important role in building bridges between values, traditions and representations attached to Romania and to other cultural areas &#8211; in Europe or worldwide. We propose to focus on the presence of Romanian culture in other countries, to strengthening connections between Romania and other cultures, to the teaching of Romanian culture and language to foreigners in Romania and abroad, with a view to using such cultural and linguistic knowledge in a multicultural context. Papers are invited on, but not limited to topics such as:<\/p>\n\n\n\n<ul class=\"wp-block-list\">\n<li>Romanian cultural studies \u2013 literary, translation,\nsocio-linguistic, pragmatic studies;<\/li>\n\n\n\n<li>Teaching Romanian as a foreign language \u2013\ntheory and practice;<\/li>\n\n\n\n<li>Enhancing Romanian and foreign students\u2019\nawareness of each other\u2019s cultures, as a prerequisite for academic and\nprofessional mobility, as well as social and cultural inclusion.<\/li>\n<\/ul>\n\n\n\n<p class=\"has-text-align-center has-very-light-gray-background-color has-text-color has-background\" style=\"color:#003ca3\"><strong>&nbsp;&nbsp;&nbsp;&nbsp;&nbsp;&nbsp;\nEmail<\/strong><strong>:\n<a href=\"mailto:sic.section3@gmail.com\">sic.section3@gmail.com<\/a><\/strong><\/p>\n\n\n\n<h5 class=\"wp-block-heading\">SECTION 4: WHEN EAST MEETS WEST THROUGH ART AND LITERATURE (HYBRID)<\/h5>\n\n\n\n<p class=\"has-very-dark-gray-color has-text-color\">This panel explores confluences and differences between visual arts (painting, drawing, sculpture, cinema, etc.) and literature in both East and West, aiming to uncover creativity in both media. Drawing on defining conceptualisations provided by <a href=\"https:\/\/www.amazon.com\/James-A-W-Heffernan\/e\/B001IR3C7M\/ref=dp_byline_cont_book_1\">James A.W. Heffernan<\/a> (1994), Erwin Panofsky (1995), Benjamin and Corser (2015) and \u00d8ystein Sj\u00e5stad (2016), J\u00f8rgen Bruhn, Asun L\u00f3pez-Varela Azc\u00e1rate, Miriam de Paiva Vieira (2024),\u00a0 the encounters between the written and the visual realms leave room for detecting and interpreting ways in which these media operate transfers, generating richer artistic expressions. Considering the East-West background, the present research aims to establish what cross-cultural connections are shaped as a consequence of these fusions. How do literary creations benefit from visual sensibility and vice versa? What kind of multifaceted realities are created at the double intersection between cultures and artistic genres? Given this context, we invite contributions to look at ways in which art and literature foster mutual exchanges, engendering manifold aesthetic representations and sustaining cultural dynamics; participants can focus on but are not limited to:<\/p>\n\n\n\n<ul class=\"wp-block-list\">\n<li>Literature, visuals, and power<\/li>\n\n\n\n<li>Gender, visual arts and literature<\/li>\n\n\n\n<li>Eastern and Western traditions of art and literature<\/li>\n\n\n\n<li>Trauma through visual and textual lenses<\/li>\n\n\n\n<li>(Post)colonial representations via literature and painting<\/li>\n\n\n\n<li>Modern and postmodern ekphrasis<\/li>\n\n\n\n<li>Literature and cinematic techniques<\/li>\n\n\n\n<li>Ecocriticism through visual arts in literature.<\/li>\n<\/ul>\n\n\n\n<p class=\"has-text-align-center has-very-light-gray-background-color has-text-color has-background\" style=\"color:#003ca3\"><strong>&nbsp;Email: <a href=\"mailto:sic.section4@gmail.com\">sic.section4@gmail.com<\/a><\/strong><\/p>\n\n\n\n<h5 class=\"wp-block-heading\">SECTION 5: MINDSCAPES AND CULTURAL INSIGHTS IN FAR EASTERN STUDIES (ONLINE)<\/h5>\n\n\n\n<p>Focusing mainly on Far Eastern Studies, spanning from China and Korea to Japan, this section is designed not only as a debating venue on tradition, cultural representations, and academic challenges in a volatile contemporary context, but also as an interdisciplinary nexus for specialists willing to share their new ideas, research results, and latest in-depth scholarship on various topics such as:<\/p>\n\n\n\n<ul class=\"wp-block-list\">\n<li>Literary research and interpretation;<\/li>\n\n\n\n<li>Comparative literary studies;<\/li>\n\n\n\n<li>Translation studies;<\/li>\n\n\n\n<li>Linguistics, education, and language teaching;<\/li>\n\n\n\n<li>Cultural studies; Gender studies;<\/li>\n\n\n\n<li>Semiotics;<\/li>\n\n\n\n<li>Anthropology, mythology, and folklore;<\/li>\n\n\n\n<li>Media and pop-culture;<\/li>\n\n\n\n<li>Communication; Digital humanities etc.<\/li>\n<\/ul>\n\n\n\n<p class=\"has-text-align-center has-very-light-gray-background-color has-background\"><strong>Email: <a href=\"mailto:sic.section5@gmail.com\">sic.section5@gmail.com<\/a><\/strong><\/p>\n\n\n\n<h5 class=\"wp-block-heading\">SECTION 6: MULTIDISCIPLINARY APPROACHES TO THE HUMAN EXPERIENCE (ONLINE)<\/h5>\n\n\n\n<p>What does it mean for each of us to be a human being? How do we perceive ourselves? How do we perceive others? What makes us act in a certain way? How do we relate to the people around us or to the context in which we live? This section of the conference tries to find the answer to all these simple, yet puzzling questions that touch all the intricacies, contradictions and mysteries of life. The panel intends to be a celebration of the human experience, with all its complexities, thrills and wonders. We welcome submissions that explore all aspects of this topic from various academic fields: literature, religion, culture, arts and media, psychology, pedagogy, etc. The themes for the session include, but are not limited to the following suggestions:<\/p>\n\n\n\n<ul class=\"wp-block-list\">\n<li><a>The human condition: destiny, free will, the meaning of life, life as a journey, the human nature, etc.<\/a><\/li>\n\n\n\n<li>Self-discovery: identity and difference, belonging, language, memory, collective identity, etc.<\/li>\n\n\n\n<li>Individual and collective experiences: growth, finding one\u2019s own place, a new beginning, marriage, motherhood, change, adaptation, struggle, pain, loss; community life, human relations, conflict, borders<\/li>\n\n\n\n<li>Complex emotions: love, passion, joy, happiness, awe, sadness, loneliness, jealousy, guilt, despair, etc.<\/li>\n\n\n\n<li>Human motivation and behaviour: ideals, beliefs, mindsets, manners, practices, ways of behaving<\/li>\n\n\n\n<li>The role of education or storytelling in shaping the human experience\/ the human nature<\/li>\n\n\n\n<li>Experiencing different realities: religious, utopian, dystopian, fantastic, mythical imaginaries and dreams <\/li>\n<\/ul>\n\n\n\n<p class=\"has-text-align-center has-very-light-gray-background-color has-background\"><strong>Email: <a href=\"mailto:sic.section6@gmail.com\">sic.section6@gmail.com<\/a><\/strong><\/p>\n\n\n\n<h5 class=\"wp-block-heading has-small-font-size\">SECTION 7: MIGRATION, DIASPORA(S), AND REFUGEES (ONLINE)<\/h5>\n\n\n\n<p class=\"has-small-font-size\"><\/p>\n\n\n\n<p>Migration, either in theory or in practice, and its sub-fields, diasporas and refugees, are by <em>no<\/em> means a domain of the past. In 2020, according to the\u00a0<a href=\"https:\/\/worldmigrationreport.iom.int\/wmr-2022-interactive\/\">International Organization for Migration<\/a>, the number of migrants reached 280 million people, representing 3.60% of the world population and figures are on the rise. If migration has been seen as a phenomenon that involves a political act due to the individuals\u2019 and communities\u2019 personal or national affiliations, therefore portrayed moreover as a cause that triggers consequences post migration, it is more frequently seen these days as a consequence of conflictual, aggressive and even confusing politics. We expect participants to contribute with academic papers, posters, and other kinds of visuals that illustrate international migration, migrant integration, managed migration, asylum, family migration, children migration, and (temporary) protection. This interdisciplinary panel includes:<\/p>\n\n\n\n<ul class=\"wp-block-list\">\n<li>Economics<\/li>\n\n\n\n<li>Politics<\/li>\n\n\n\n<li>Legal Studies<\/li>\n\n\n\n<li>Sociology<\/li>\n\n\n\n<li>Anthropology<\/li>\n\n\n\n<li>Literature Studies<\/li>\n\n\n\n<li>Film Studies<\/li>\n<\/ul>\n\n\n\n<p class=\"has-text-align-center has-very-light-gray-background-color has-background\"><strong>Email: <a href=\"mailto:sic.section6@gmail.com\">sic.section7@gmail.com<\/a><\/strong><\/p>\n\n\n\n<p>&nbsp;&nbsp;<\/p>\n","protected":false},"excerpt":{"rendered":"<p>Synergies in Communication (SiC) The 13th International Conference Bucharest, Romania 30-31 October 2025 hybrid academic event The Department of Modern Languages and Business Communication of the Bucharest University of Economic Studies (ASE),Romania,is organizing the 13thannual international conference Synergies in Communication (SiC 2025), to be held in a hybrid format on 30-31 October 2025. The event [&hellip;]<\/p>\n","protected":false},"author":1,"featured_media":0,"parent":24,"menu_order":0,"comment_status":"closed","ping_status":"closed","template":"","meta":{"footnotes":""},"class_list":["post-26","page","type-page","status-publish","hentry"],"_links":{"self":[{"href":"https:\/\/sic.ase.ro\/index.php\/wp-json\/wp\/v2\/pages\/26","targetHints":{"allow":["GET"]}}],"collection":[{"href":"https:\/\/sic.ase.ro\/index.php\/wp-json\/wp\/v2\/pages"}],"about":[{"href":"https:\/\/sic.ase.ro\/index.php\/wp-json\/wp\/v2\/types\/page"}],"author":[{"embeddable":true,"href":"https:\/\/sic.ase.ro\/index.php\/wp-json\/wp\/v2\/users\/1"}],"replies":[{"embeddable":true,"href":"https:\/\/sic.ase.ro\/index.php\/wp-json\/wp\/v2\/comments?post=26"}],"version-history":[{"count":55,"href":"https:\/\/sic.ase.ro\/index.php\/wp-json\/wp\/v2\/pages\/26\/revisions"}],"predecessor-version":[{"id":2037,"href":"https:\/\/sic.ase.ro\/index.php\/wp-json\/wp\/v2\/pages\/26\/revisions\/2037"}],"up":[{"embeddable":true,"href":"https:\/\/sic.ase.ro\/index.php\/wp-json\/wp\/v2\/pages\/24"}],"wp:attachment":[{"href":"https:\/\/sic.ase.ro\/index.php\/wp-json\/wp\/v2\/media?parent=26"}],"curies":[{"name":"wp","href":"https:\/\/api.w.org\/{rel}","templated":true}]}}