{"id":32,"date":"2019-05-13T14:40:00","date_gmt":"2019-05-13T14:40:00","guid":{"rendered":"http:\/\/www.sic.ase.ro\/?page_id=32"},"modified":"2025-10-08T18:59:01","modified_gmt":"2025-10-08T16:59:01","slug":"conference-fee","status":"publish","type":"page","link":"https:\/\/sic.ase.ro\/index.php\/general-information\/conference-fee\/","title":{"rendered":"Conference Fee"},"content":{"rendered":"\n<p class=\"has-very-dark-gray-color has-text-color\"><\/p>\n\n\n\n<figure class=\"wp-block-table is-style-stripes\"><table><tbody><tr><td><strong>Early registration<\/strong> till 20 October 2025<\/td><td><strong>200 RON\/ 40 EUR<\/strong><\/td><\/tr><tr><td><strong>Registration after<\/strong> 20 October 2025<strong> \u00a0\u00a0<\/strong><\/td><td><strong>250 RON\/ 55 EUR<\/strong><\/td><\/tr><tr><td><strong>PhD candidates<\/strong><\/td><td><strong>170 RON\/ 35 EUR   <\/strong><\/td><\/tr><tr><td><\/td><td><\/td><\/tr><\/tbody><\/table><\/figure>\n\n\n\n<p class=\"has-text-color\" style=\"color:#d2171d\"><br><br><strong>BANK TRANSFER DETAILS<\/strong><\/p>\n\n\n\n<p class=\"has-text-color\" style=\"color:#0068a3\"><br><strong>For Lei Payments (only for Romanian participants)<\/strong><\/p>\n\n\n\n<figure class=\"wp-block-table\"><table><tbody><tr><td><strong>ASOCIA\u0162IA ABSOLVEN\u0162ILOR ACADEMIEI DE STUDII ECONOMICE DIN BUCURE\u015eTI (ALUMNI ASE)<\/strong><br><br><strong>IBAN<\/strong>: &nbsp;RO60 RNCB 0090 0872 3974 0001, deschis la <strong>BCR <\/strong>Lipscani<\/td><\/tr><tr><td><strong>Reference of payment:<\/strong> Taxa conferin\u021b\u0103 <em>Synergies in Communication 2025  (or SiC 2025)  <\/em><\/td><\/tr><\/tbody><\/table><\/figure>\n\n\n\n<p><\/p>\n\n\n\n<p class=\"has-text-color\" style=\"color:#0068a3\"><br><br><strong>For Euro Payments:<\/strong><\/p>\n\n\n\n<figure class=\"wp-block-table\"><table><tbody><tr><td><strong>Account: <\/strong>IBAN &nbsp;RO43RNCB0072001607860004   <\/td><\/tr><tr><td><strong>SWIFT Code:<\/strong> RNCBROBU   <\/td><\/tr><tr><td><strong>Account name:<\/strong> <strong>Academia de Studii Economice<\/strong>, CUI 4433775   <\/td><\/tr><tr><td><strong>Bank:<\/strong> Banca Comerciala Romana, Sector 1   <\/td><\/tr><tr><td><strong>Bank Address:<\/strong> CALEA VICTORIEI NR 155 BUCURESTI   <\/td><\/tr><tr><td><strong>Reference of payment:<\/strong> <em>Synergies in Communication 2025 Conference Fee (or SiC 2025 Conference Fee ) <strong>  <\/strong><\/em><\/td><\/tr><\/tbody><\/table><\/figure>\n\n\n\n<p><br><br>A <strong>scanned copy of the payment receipt<\/strong> will be sent to the organizers at the email addresses corresponding to the <strong>chosen section <\/strong>after receiving the final acceptance notification.<\/p>\n\n\n\n<p>Participants are responsible for their own travel and\nhotel booking and expenses. Assistance can be provided by organizers at\nrequest. <\/p>\n","protected":false},"excerpt":{"rendered":"<p>Early registration till 20 October 2025 200 RON\/ 40 EUR Registration after 20 October 2025 \u00a0\u00a0 250 RON\/ 55 EUR PhD candidates 170 RON\/ 35 EUR BANK TRANSFER DETAILS For Lei Payments (only for Romanian participants) ASOCIA\u0162IA ABSOLVEN\u0162ILOR ACADEMIEI DE STUDII ECONOMICE DIN BUCURE\u015eTI (ALUMNI ASE) IBAN: &nbsp;RO60 RNCB 0090 0872 3974 0001, deschis la [&hellip;]<\/p>\n","protected":false},"author":1,"featured_media":0,"parent":24,"menu_order":0,"comment_status":"closed","ping_status":"closed","template":"","meta":{"footnotes":""},"class_list":["post-32","page","type-page","status-publish","hentry"],"_links":{"self":[{"href":"https:\/\/sic.ase.ro\/index.php\/wp-json\/wp\/v2\/pages\/32","targetHints":{"allow":["GET"]}}],"collection":[{"href":"https:\/\/sic.ase.ro\/index.php\/wp-json\/wp\/v2\/pages"}],"about":[{"href":"https:\/\/sic.ase.ro\/index.php\/wp-json\/wp\/v2\/types\/page"}],"author":[{"embeddable":true,"href":"https:\/\/sic.ase.ro\/index.php\/wp-json\/wp\/v2\/users\/1"}],"replies":[{"embeddable":true,"href":"https:\/\/sic.ase.ro\/index.php\/wp-json\/wp\/v2\/comments?post=32"}],"version-history":[{"count":40,"href":"https:\/\/sic.ase.ro\/index.php\/wp-json\/wp\/v2\/pages\/32\/revisions"}],"predecessor-version":[{"id":2048,"href":"https:\/\/sic.ase.ro\/index.php\/wp-json\/wp\/v2\/pages\/32\/revisions\/2048"}],"up":[{"embeddable":true,"href":"https:\/\/sic.ase.ro\/index.php\/wp-json\/wp\/v2\/pages\/24"}],"wp:attachment":[{"href":"https:\/\/sic.ase.ro\/index.php\/wp-json\/wp\/v2\/media?parent=32"}],"curies":[{"name":"wp","href":"https:\/\/api.w.org\/{rel}","templated":true}]}}