{"id":34,"date":"2019-05-13T14:40:35","date_gmt":"2019-05-13T14:40:35","guid":{"rendered":"http:\/\/www.sic.ase.ro\/?page_id=34"},"modified":"2024-09-30T08:49:51","modified_gmt":"2024-09-30T06:49:51","slug":"venue-and-location","status":"publish","type":"page","link":"https:\/\/sic.ase.ro\/index.php\/general-information\/venue-and-location\/","title":{"rendered":"Venue and Location"},"content":{"rendered":"<p>\n\n\nConference location address:<\/p>\n<p>\n\n\n<p>(RO) <strong><em>Academia de Studii Economice din Bucure\u015fti<\/em><\/strong>, Pia\u0163a Roman\u0103 1-6, Sector 1, Bucure\u015fti, ROM\u00c2NIA<br \/>Facultatea de Rela\u0163ii Economice Interna\u0163ionale<br \/>Departamentul de Limbi Moderne \u015fi Comunicare \u00een Afaceri<br \/>Cl\u0103direa Mihai Eminescu, Bulevardul Dacia 41, etajul 5, sala 1519<br \/>Telefon: +40 213 191 900 int. 239<\/p>\n<p>(EN) <strong><em>The Bucharest University of Economic Studies<\/em><\/strong>, 6 Piata Romana, District 1, Bucharest, ROMANIA<br \/>The Faculty of International Business and Economics<br \/>The Department of Modern Languages and Business Communication<br \/>Mihai Eminescu Building, 41 Dacia Boulevard, 5th floor, room 1519<br \/>Phone: +40 213 191 900 ext. 239<\/p>\n\n<\/p>\n<p>\n\n\n<p><\/p>\n","protected":false},"excerpt":{"rendered":"<p>Conference location address: (RO) Academia de Studii Economice din Bucure\u015fti, Pia\u0163a Roman\u0103 1-6, Sector 1, Bucure\u015fti, ROM\u00c2NIAFacultatea de Rela\u0163ii Economice Interna\u0163ionaleDepartamentul de Limbi Moderne \u015fi Comunicare \u00een AfaceriCl\u0103direa Mihai Eminescu, Bulevardul Dacia 41, etajul 5, sala 1519Telefon: +40 213 191 900 int. 239 (EN) The Bucharest University of Economic Studies, 6 Piata Romana, District 1, [&hellip;]<\/p>\n","protected":false},"author":1,"featured_media":0,"parent":24,"menu_order":0,"comment_status":"closed","ping_status":"closed","template":"","meta":{"footnotes":""},"class_list":["post-34","page","type-page","status-publish","hentry"],"_links":{"self":[{"href":"https:\/\/sic.ase.ro\/index.php\/wp-json\/wp\/v2\/pages\/34","targetHints":{"allow":["GET"]}}],"collection":[{"href":"https:\/\/sic.ase.ro\/index.php\/wp-json\/wp\/v2\/pages"}],"about":[{"href":"https:\/\/sic.ase.ro\/index.php\/wp-json\/wp\/v2\/types\/page"}],"author":[{"embeddable":true,"href":"https:\/\/sic.ase.ro\/index.php\/wp-json\/wp\/v2\/users\/1"}],"replies":[{"embeddable":true,"href":"https:\/\/sic.ase.ro\/index.php\/wp-json\/wp\/v2\/comments?post=34"}],"version-history":[{"count":19,"href":"https:\/\/sic.ase.ro\/index.php\/wp-json\/wp\/v2\/pages\/34\/revisions"}],"predecessor-version":[{"id":2003,"href":"https:\/\/sic.ase.ro\/index.php\/wp-json\/wp\/v2\/pages\/34\/revisions\/2003"}],"up":[{"embeddable":true,"href":"https:\/\/sic.ase.ro\/index.php\/wp-json\/wp\/v2\/pages\/24"}],"wp:attachment":[{"href":"https:\/\/sic.ase.ro\/index.php\/wp-json\/wp\/v2\/media?parent=34"}],"curies":[{"name":"wp","href":"https:\/\/api.w.org\/{rel}","templated":true}]}}