{"id":70,"date":"2019-05-13T15:00:02","date_gmt":"2019-05-13T15:00:02","guid":{"rendered":"http:\/\/www.sic.ase.ro\/?page_id=70"},"modified":"2024-08-23T19:34:19","modified_gmt":"2024-08-23T17:34:19","slug":"international-data-bases","status":"publish","type":"page","link":"https:\/\/sic.ase.ro\/index.php\/international-data-bases\/","title":{"rendered":"International Databases"},"content":{"rendered":"\n<p><strong>Synergies in Communication <\/strong><em>Conference Proceedings<\/em>, published at Editura ASE, ISSN (online) 2668-9375, ISSN-L 2284 \u2013 6654, is indexed by:<\/p>\n\n\n\n<ol class=\"wp-block-list\">\n<li><strong>Central and Eastern European European Online Library (CEEOL)<\/strong> (starting 2015)<\/li>\n\n\n\n<li><strong>EBSCO Discovery Service <\/strong><\/li>\n\n\n\n<li><strong>Elektronische Zeitschriftenbibliothek Regensburg (EZB)<\/strong> (starting 2011) <\/li>\n\n\n\n<li><strong>ROAD<\/strong> (starting 2020)<\/li>\n\n\n\n<li><strong>LinguistList, Indiana University <\/strong>(starting 2011)<\/li>\n\n\n\n<li><strong>Crossref Database<\/strong> (starting 2021)<\/li>\n\n\n\n<li><strong>Dimensions<\/strong> (starting 2021)<\/li>\n\n\n\n<li><strong>Modern Language Association (MLA)<\/strong> (starting 2011)<\/li>\n\n\n\n<li><strong>Cosmos<\/strong> (starting 2011)<\/li>\n\n\n\n<li><strong>MIAR<\/strong> <strong>Universitat de Barcelona<\/strong> (starting 2011)<\/li>\n<\/ol>\n\n\n\n<p class=\"has-text-color\" style=\"color:#0041a3\"><br><strong>Romanian Libraries:<\/strong><\/p>\n\n\n\n<ol class=\"wp-block-list\">\n<li> Biblioteca Na\u0163ional\u0103 a Rom\u00e2niei <\/li>\n\n\n\n<li> Biblioteca Central\u0103 Universitar\u0103 Carol I (BCU Bucure\u0219ti) <\/li>\n\n\n\n<li> Biblioteca Central\u0103 Universitar\u0103 &#8220;Mihai Eminescu&#8221; Ia\u015fi (BCU Ia\u0219i) <\/li>\n\n\n\n<li> Biblioteca Central\u0103 Universitar\u0103 &#8220;Lucian Blaga&#8221; Cluj-Napoca (BCU Cluj) <\/li>\n\n\n\n<li> Biblioteca Academiei Rom\u00e2ne (BAR) <br><br><br><br> <\/li>\n<\/ol>\n\n\n\n<figure class=\"wp-block-gallery has-nested-images columns-6 wp-block-gallery-1 is-layout-flex wp-block-gallery-is-layout-flex\"><\/figure>\n\n\n\n<figure class=\"wp-block-gallery has-nested-images columns-default is-cropped wp-block-gallery-2 is-layout-flex wp-block-gallery-is-layout-flex\">\n<figure class=\"wp-block-image size-large\"><img loading=\"lazy\" decoding=\"async\" width=\"1024\" height=\"75\" data-id=\"1895\" src=\"https:\/\/sic.ase.ro\/wp-content\/uploads\/toate-logourile-1024x75.png\" alt=\"\" class=\"wp-image-1895\" srcset=\"https:\/\/sic.ase.ro\/wp-content\/uploads\/toate-logourile-1024x75.png 1024w, https:\/\/sic.ase.ro\/wp-content\/uploads\/toate-logourile-300x22.png 300w, https:\/\/sic.ase.ro\/wp-content\/uploads\/toate-logourile-768x56.png 768w, https:\/\/sic.ase.ro\/wp-content\/uploads\/toate-logourile.png 1490w\" sizes=\"auto, (max-width: 1024px) 100vw, 1024px\" \/><\/figure>\n<\/figure>\n\n\n\n<figure class=\"wp-block-gallery has-nested-images columns-default wp-block-gallery-3 is-layout-flex wp-block-gallery-is-layout-flex\">\n<figure class=\"wp-block-image\"><img loading=\"lazy\" decoding=\"async\" width=\"215\" height=\"215\" data-id=\"1726\" src=\"https:\/\/sic.ase.ro\/wp-content\/uploads\/cosmos-1.png\" alt=\"\" class=\"wp-image-1726\" srcset=\"https:\/\/sic.ase.ro\/wp-content\/uploads\/cosmos-1.png 215w, https:\/\/sic.ase.ro\/wp-content\/uploads\/cosmos-1-150x150.png 150w\" sizes=\"auto, (max-width: 215px) 100vw, 215px\" \/><\/figure>\n<\/figure>\n","protected":false},"excerpt":{"rendered":"<p>Synergies in Communication Conference Proceedings, published at Editura ASE, ISSN (online) 2668-9375, ISSN-L 2284 \u2013 6654, is indexed by: Romanian Libraries:<\/p>\n","protected":false},"author":1,"featured_media":0,"parent":0,"menu_order":0,"comment_status":"closed","ping_status":"closed","template":"","meta":{"footnotes":""},"class_list":["post-70","page","type-page","status-publish","hentry"],"_links":{"self":[{"href":"https:\/\/sic.ase.ro\/index.php\/wp-json\/wp\/v2\/pages\/70","targetHints":{"allow":["GET"]}}],"collection":[{"href":"https:\/\/sic.ase.ro\/index.php\/wp-json\/wp\/v2\/pages"}],"about":[{"href":"https:\/\/sic.ase.ro\/index.php\/wp-json\/wp\/v2\/types\/page"}],"author":[{"embeddable":true,"href":"https:\/\/sic.ase.ro\/index.php\/wp-json\/wp\/v2\/users\/1"}],"replies":[{"embeddable":true,"href":"https:\/\/sic.ase.ro\/index.php\/wp-json\/wp\/v2\/comments?post=70"}],"version-history":[{"count":27,"href":"https:\/\/sic.ase.ro\/index.php\/wp-json\/wp\/v2\/pages\/70\/revisions"}],"predecessor-version":[{"id":1982,"href":"https:\/\/sic.ase.ro\/index.php\/wp-json\/wp\/v2\/pages\/70\/revisions\/1982"}],"wp:attachment":[{"href":"https:\/\/sic.ase.ro\/index.php\/wp-json\/wp\/v2\/media?parent=70"}],"curies":[{"name":"wp","href":"https:\/\/api.w.org\/{rel}","templated":true}]}}